{"id":14,"date":"2024-04-15T16:21:32","date_gmt":"2024-04-15T19:21:32","guid":{"rendered":"https:\/\/ingressos2024.aulasninja.com\/minha-conta\/"},"modified":"2026-01-23T10:06:52","modified_gmt":"2026-01-23T13:06:52","slug":"minha-conta","status":"publish","type":"page","link":"https:\/\/angaad.org.br\/eventos\/minha-conta\/","title":{"rendered":"Minha conta"},"content":{"rendered":"\t\t<div data-elementor-type=\"wp-page\" data-elementor-id=\"14\" class=\"elementor elementor-14\" data-elementor-settings=\"{&quot;ha_cmc_init_switcher&quot;:&quot;no&quot;}\" data-elementor-post-type=\"page\">\n\t\t\t\t<div class=\"elementor-element elementor-element-f05d294 e-flex e-con-boxed e-con e-parent\" data-id=\"f05d294\" data-element_type=\"container\" data-e-type=\"container\" data-settings=\"{&quot;jet_parallax_layout_list&quot;:[],&quot;_ha_eqh_enable&quot;:false}\">\n\t\t\t\t\t<div class=\"e-con-inner\">\n\t\t\t\t<div class=\"elementor-element elementor-element-42749f8 e-my-account-tabs-vertical elementor-widget elementor-widget-woocommerce-my-account\" data-id=\"42749f8\" data-element_type=\"widget\" data-e-type=\"widget\" data-widget_type=\"woocommerce-my-account.default\">\n\t\t\t\t<div class=\"elementor-widget-container\">\n\t\t\t\t\t<div class=\"e-my-account-tab e-my-account-tab__ \">\t\t\t<div class=\"woocommerce\"><\/div>\t\t<\/div>\n\t\t\t\t\t\t<\/div>\n\t\t\t\t<\/div>\n\t\t\t\t\t<\/div>\n\t\t\t\t<\/div>\n\t\t\t\t<\/div>\n\t\t","protected":false},"excerpt":{"rendered":"<p>Sua conta Painel de Controle Quero ser Promoter Pedidos Downloads Endere\u00e7os Detalhes da conta Meus Ingressos Relat\u00f3rio Parceiros Sair Ol\u00e1, Webmaster (n\u00e3o \u00e9 Webmaster? Sair) A partir do painel de controle de sua conta, voc\u00ea pode ver suas compras recentes, gerenciar seus endere\u00e7os de entrega e cobran\u00e7a, e editar sua senha e detalhes da conta.<\/p>\n","protected":false},"author":4,"featured_media":0,"parent":0,"menu_order":0,"comment_status":"closed","ping_status":"closed","template":"elementor_header_footer","meta":{"footnotes":""},"class_list":["post-14","page","type-page","status-publish","hentry"],"yoast_head":"<!-- This site is optimized with the Yoast SEO plugin v27.2 - https:\/\/yoast.com\/product\/yoast-seo-wordpress\/ -->\n<title>Minha conta - Eventos Angaad<\/title>\n<meta name=\"robots\" content=\"index, follow, max-snippet:-1, max-image-preview:large, max-video-preview:-1\" \/>\n<link rel=\"canonical\" href=\"https:\/\/angaad.org.br\/eventos\/minha-conta\/\" \/>\n<meta property=\"og:locale\" content=\"pt_BR\" \/>\n<meta property=\"og:type\" content=\"article\" \/>\n<meta property=\"og:title\" content=\"Minha conta - Eventos Angaad\" \/>\n<meta property=\"og:description\" content=\"Sua conta Painel de Controle Quero ser Promoter Pedidos Downloads Endere\u00e7os Detalhes da conta Meus Ingressos Relat\u00f3rio Parceiros Sair Ol\u00e1, Webmaster (n\u00e3o \u00e9 Webmaster? Sair) A partir do painel de controle de sua conta, voc\u00ea pode ver suas compras recentes, gerenciar seus endere\u00e7os de entrega e cobran\u00e7a, e editar sua senha e detalhes da conta.\" \/>\n<meta property=\"og:url\" content=\"https:\/\/angaad.org.br\/eventos\/minha-conta\/\" \/>\n<meta property=\"og:site_name\" content=\"Eventos Angaad\" \/>\n<meta property=\"article:modified_time\" content=\"2026-01-23T13:06:52+00:00\" \/>\n<meta name=\"twitter:card\" content=\"summary_large_image\" \/>\n<meta name=\"twitter:label1\" content=\"Est. tempo de leitura\" \/>\n\t<meta name=\"twitter:data1\" content=\"3 minutos\" \/>\n<script type=\"application\/ld+json\" class=\"yoast-schema-graph\">{\"@context\":\"https:\/\/schema.org\",\"@graph\":[{\"@type\":\"WebPage\",\"@id\":\"https:\/\/angaad.org.br\/eventos\/minha-conta\/\",\"url\":\"https:\/\/angaad.org.br\/eventos\/minha-conta\/\",\"name\":\"Minha conta - Eventos Angaad\",\"isPartOf\":{\"@id\":\"https:\/\/angaad.org.br\/eventos\/#website\"},\"datePublished\":\"2024-04-15T19:21:32+00:00\",\"dateModified\":\"2026-01-23T13:06:52+00:00\",\"breadcrumb\":{\"@id\":\"https:\/\/angaad.org.br\/eventos\/minha-conta\/#breadcrumb\"},\"inLanguage\":\"pt-BR\",\"potentialAction\":[{\"@type\":\"ReadAction\",\"target\":[\"https:\/\/angaad.org.br\/eventos\/minha-conta\/\"]}]},{\"@type\":\"BreadcrumbList\",\"@id\":\"https:\/\/angaad.org.br\/eventos\/minha-conta\/#breadcrumb\",\"itemListElement\":[{\"@type\":\"ListItem\",\"position\":1,\"name\":\"Home\",\"item\":\"https:\/\/angaad.org.br\/eventos\/\"},{\"@type\":\"ListItem\",\"position\":2,\"name\":\"Minha conta\"}]},{\"@type\":\"WebSite\",\"@id\":\"https:\/\/angaad.org.br\/eventos\/#website\",\"url\":\"https:\/\/angaad.org.br\/eventos\/\",\"name\":\"Eventos Angaad\",\"description\":\"Encontros, Eventos e Forma\u00e7\u00f5es\",\"publisher\":{\"@id\":\"https:\/\/angaad.org.br\/eventos\/#organization\"},\"potentialAction\":[{\"@type\":\"SearchAction\",\"target\":{\"@type\":\"EntryPoint\",\"urlTemplate\":\"https:\/\/angaad.org.br\/eventos\/?s={search_term_string}\"},\"query-input\":{\"@type\":\"PropertyValueSpecification\",\"valueRequired\":true,\"valueName\":\"search_term_string\"}}],\"inLanguage\":\"pt-BR\"},{\"@type\":\"Organization\",\"@id\":\"https:\/\/angaad.org.br\/eventos\/#organization\",\"name\":\"Eventos Angaad\",\"url\":\"https:\/\/angaad.org.br\/eventos\/\",\"logo\":{\"@type\":\"ImageObject\",\"inLanguage\":\"pt-BR\",\"@id\":\"https:\/\/angaad.org.br\/eventos\/#\/schema\/logo\/image\/\",\"url\":\"https:\/\/angaad.org.br\/eventos\/wp-content\/uploads\/2024\/04\/logo-angaad-branca-2.png\",\"contentUrl\":\"https:\/\/angaad.org.br\/eventos\/wp-content\/uploads\/2024\/04\/logo-angaad-branca-2.png\",\"width\":265,\"height\":100,\"caption\":\"Eventos Angaad\"},\"image\":{\"@id\":\"https:\/\/angaad.org.br\/eventos\/#\/schema\/logo\/image\/\"}}]}<\/script>\n<!-- \/ Yoast SEO plugin. -->","yoast_head_json":{"title":"Minha conta - Eventos Angaad","robots":{"index":"index","follow":"follow","max-snippet":"max-snippet:-1","max-image-preview":"max-image-preview:large","max-video-preview":"max-video-preview:-1"},"canonical":"https:\/\/angaad.org.br\/eventos\/minha-conta\/","og_locale":"pt_BR","og_type":"article","og_title":"Minha conta - Eventos Angaad","og_description":"Sua conta Painel de Controle Quero ser Promoter Pedidos Downloads Endere\u00e7os Detalhes da conta Meus Ingressos Relat\u00f3rio Parceiros Sair Ol\u00e1, Webmaster (n\u00e3o \u00e9 Webmaster? Sair) A partir do painel de controle de sua conta, voc\u00ea pode ver suas compras recentes, gerenciar seus endere\u00e7os de entrega e cobran\u00e7a, e editar sua senha e detalhes da conta.","og_url":"https:\/\/angaad.org.br\/eventos\/minha-conta\/","og_site_name":"Eventos Angaad","article_modified_time":"2026-01-23T13:06:52+00:00","twitter_card":"summary_large_image","twitter_misc":{"Est. tempo de leitura":"3 minutos"},"schema":{"@context":"https:\/\/schema.org","@graph":[{"@type":"WebPage","@id":"https:\/\/angaad.org.br\/eventos\/minha-conta\/","url":"https:\/\/angaad.org.br\/eventos\/minha-conta\/","name":"Minha conta - Eventos Angaad","isPartOf":{"@id":"https:\/\/angaad.org.br\/eventos\/#website"},"datePublished":"2024-04-15T19:21:32+00:00","dateModified":"2026-01-23T13:06:52+00:00","breadcrumb":{"@id":"https:\/\/angaad.org.br\/eventos\/minha-conta\/#breadcrumb"},"inLanguage":"pt-BR","potentialAction":[{"@type":"ReadAction","target":["https:\/\/angaad.org.br\/eventos\/minha-conta\/"]}]},{"@type":"BreadcrumbList","@id":"https:\/\/angaad.org.br\/eventos\/minha-conta\/#breadcrumb","itemListElement":[{"@type":"ListItem","position":1,"name":"Home","item":"https:\/\/angaad.org.br\/eventos\/"},{"@type":"ListItem","position":2,"name":"Minha conta"}]},{"@type":"WebSite","@id":"https:\/\/angaad.org.br\/eventos\/#website","url":"https:\/\/angaad.org.br\/eventos\/","name":"Eventos Angaad","description":"Encontros, Eventos e Forma\u00e7\u00f5es","publisher":{"@id":"https:\/\/angaad.org.br\/eventos\/#organization"},"potentialAction":[{"@type":"SearchAction","target":{"@type":"EntryPoint","urlTemplate":"https:\/\/angaad.org.br\/eventos\/?s={search_term_string}"},"query-input":{"@type":"PropertyValueSpecification","valueRequired":true,"valueName":"search_term_string"}}],"inLanguage":"pt-BR"},{"@type":"Organization","@id":"https:\/\/angaad.org.br\/eventos\/#organization","name":"Eventos Angaad","url":"https:\/\/angaad.org.br\/eventos\/","logo":{"@type":"ImageObject","inLanguage":"pt-BR","@id":"https:\/\/angaad.org.br\/eventos\/#\/schema\/logo\/image\/","url":"https:\/\/angaad.org.br\/eventos\/wp-content\/uploads\/2024\/04\/logo-angaad-branca-2.png","contentUrl":"https:\/\/angaad.org.br\/eventos\/wp-content\/uploads\/2024\/04\/logo-angaad-branca-2.png","width":265,"height":100,"caption":"Eventos Angaad"},"image":{"@id":"https:\/\/angaad.org.br\/eventos\/#\/schema\/logo\/image\/"}}]}},"_links":{"self":[{"href":"https:\/\/angaad.org.br\/eventos\/wp-json\/wp\/v2\/pages\/14","targetHints":{"allow":["GET"]}}],"collection":[{"href":"https:\/\/angaad.org.br\/eventos\/wp-json\/wp\/v2\/pages"}],"about":[{"href":"https:\/\/angaad.org.br\/eventos\/wp-json\/wp\/v2\/types\/page"}],"author":[{"embeddable":true,"href":"https:\/\/angaad.org.br\/eventos\/wp-json\/wp\/v2\/users\/4"}],"replies":[{"embeddable":true,"href":"https:\/\/angaad.org.br\/eventos\/wp-json\/wp\/v2\/comments?post=14"}],"version-history":[{"count":24,"href":"https:\/\/angaad.org.br\/eventos\/wp-json\/wp\/v2\/pages\/14\/revisions"}],"predecessor-version":[{"id":1227,"href":"https:\/\/angaad.org.br\/eventos\/wp-json\/wp\/v2\/pages\/14\/revisions\/1227"}],"wp:attachment":[{"href":"https:\/\/angaad.org.br\/eventos\/wp-json\/wp\/v2\/media?parent=14"}],"curies":[{"name":"wp","href":"https:\/\/api.w.org\/{rel}","templated":true}]}}